{"id":57,"date":"2022-05-11T09:14:46","date_gmt":"2022-05-11T08:14:46","guid":{"rendered":"https:\/\/parel.orbitantwerpen.be\/?page_id=57"},"modified":"2022-05-20T13:18:45","modified_gmt":"2022-05-20T12:18:45","slug":"antwerpse-orthodoxe-kerk","status":"publish","type":"page","link":"https:\/\/parel.orbitantwerpen.be\/index.php\/antwerpse-orthodoxe-kerk\/","title":{"rendered":"Antwerpse Orthodoxe Kerk"},"content":{"rendered":"\n<p>God is Liefde, maar liefde is niet eenvoudig te begrijpen. De Orthodoxe Kerk gelooft in \u00e9\u00e9n God, die zijn Woord naar de mensen heeft gestuurd om ons terug heilig (heel) te maken. De drie personen van die Ene God: Vader, Zoon en Heilige Geest, zijn onvermengd, onveranderd, ongedeeld en ongescheiden.<\/p>\n\n\n\n<div class=\"wp-block-image size-medium wp-image-58\"><figure class=\"alignright\"><img fetchpriority=\"high\" decoding=\"async\" width=\"225\" height=\"300\" src=\"https:\/\/parel.orbitantwerpen.be\/wp-content\/uploads\/2022\/05\/Orthodoxe-kerk-foto-1-Bidhoekje-225x300.jpeg\" alt=\"\" class=\"wp-image-58\" srcset=\"https:\/\/parel.orbitantwerpen.be\/wp-content\/uploads\/2022\/05\/Orthodoxe-kerk-foto-1-Bidhoekje-225x300.jpeg 225w, https:\/\/parel.orbitantwerpen.be\/wp-content\/uploads\/2022\/05\/Orthodoxe-kerk-foto-1-Bidhoekje.jpeg 640w\" sizes=\"(max-width: 225px) 100vw, 225px\" \/><figcaption>Orthodoxe kerk &#8211; Bidhoekje<\/figcaption><\/figure><\/div>\n\n\n\n<p>Pasen, de Verrijzenis van Jezus Christus, de Zoon van God, vormt de grondslag en het kloppend hart van de Orthodoxe Kerk. Het hart neemt een even belangrijke plaats in bij het doorgeven (traditie) van die ervaring als het verstand. De orthodoxe christenen putten inspiratie uit de Bijbel, maar evenzeer uit de ervaringen, verhalen, liederen en gedichten van hedendaagse en vroegere generaties.<\/p>\n\n\n\n<p>De orthodoxie gelooft dat de geest, de ziel \u00e9n het lichaam deelnemen aan de heiliging van de mens. Daarom wordt ook het lichaam bij het gebed betrokken, zeker bij het gemeenschappelijk gebed. Er wordt gebogen, geknield, geluisterd en gezongen. Iconen leiden het oog naar God. Door het offeren van wierook wordt zelfs de geurzin bij het gebed betrokken. Het voornaamste gemeenschappelijk gebed is de Goddelijke Liturgie, waar de gelovigen bidden dat Christus aanwezig wordt in het offer van brood en wijn: de Heilige Communie.<\/p>\n\n\n\n<p>Het lichaam neemt ook aan het gebed deel door te vasten, waardoor de gelovigen zich (proberen) bevrijden van overbodigheden. Na een langere vastentijd volgt telkens een langere feesttijd. Veertig dagen vasten voor Pasen en Kerstmis worden bijvoorbeeld gevolgd door veertig dagen feesten.<\/p>\n\n\n\n<p>Na de dood is Gods aanwezigheid onontkoombaar: zijn vurige liefde zal door sommigen als hels worden ervaren en door andere als hemels. Vereniging met God veronderstelt een ontlediging van het \u201cego\u201d, maar geen zelfvernietiging. De mens kan zich niet verenigen met het wezen van God, maar wel met zijn energie\u00ebn. Dat heet \u201ctransfiguratie\u201d.<\/p>\n\n\n\n<h3 class=\"wp-block-heading\">Structuur en organisatie van de Orthodoxe Kerk<\/h3>\n\n\n\n<p>De broederlijke gemeenschap van christenen die elkaar ondersteunen bij de opgang naar God, noemen we de (Orthodoxe) \u2018Kerk\u2019.<\/p>\n\n\n\n<div class=\"wp-block-image wp-image-59\"><figure class=\"aligncenter is-resized\"><img decoding=\"async\" src=\"https:\/\/parel.orbitantwerpen.be\/wp-content\/uploads\/2022\/05\/Orthodoxe-kerk-foto-2-300x200.jpeg\" alt=\"\" class=\"wp-image-59\" width=\"401\" height=\"267\" srcset=\"https:\/\/parel.orbitantwerpen.be\/wp-content\/uploads\/2022\/05\/Orthodoxe-kerk-foto-2-300x200.jpeg 300w, https:\/\/parel.orbitantwerpen.be\/wp-content\/uploads\/2022\/05\/Orthodoxe-kerk-foto-2-1024x684.jpeg 1024w, https:\/\/parel.orbitantwerpen.be\/wp-content\/uploads\/2022\/05\/Orthodoxe-kerk-foto-2-768x513.jpeg 768w, https:\/\/parel.orbitantwerpen.be\/wp-content\/uploads\/2022\/05\/Orthodoxe-kerk-foto-2-1536x1025.jpeg 1536w, https:\/\/parel.orbitantwerpen.be\/wp-content\/uploads\/2022\/05\/Orthodoxe-kerk-foto-2-1200x801.jpeg 1200w, https:\/\/parel.orbitantwerpen.be\/wp-content\/uploads\/2022\/05\/Orthodoxe-kerk-foto-2-1980x1322.jpeg 1980w, https:\/\/parel.orbitantwerpen.be\/wp-content\/uploads\/2022\/05\/Orthodoxe-kerk-foto-2.jpeg 2000w\" sizes=\"(max-width: 401px) 100vw, 401px\" \/><figcaption>Orthodoxe kerk (foto: https:\/\/www.orthphoto.net)<\/figcaption><\/figure><\/div>\n\n\n\n<p>De Orthodoxe Kerken zijn georganiseerd rond de lokale bisschop. Die lokale bisschop werkt collegiaal samen met de hogere hi\u00ebrarchie zonder ondergeschikt te zijn. Uit onvrede hierover scheurde het Patriarchaat van Rome zich in 1054 af van de vier andere (orthodoxe) Patriarchaten. De orthodoxe bisschoppen werken samen in de Orthodoxe Bisschoppenconferentie van de Benelux (CEOB). In Belgi\u00eb &#8211; en dus ook in Antwerpen &#8211; zijn de orthodoxe bisschoppen eerder aan een culturele groep verbonden: Grieken, Roemenen, Russen, Servi\u00ebrs, Georgi\u00ebrs, Syri\u00ebrs,\u2026 hoewel er ook Vlaamse orthodoxe christenen zijn.<\/p>\n\n\n\n<p>Sommige gelovigen wijden hun hele leven alleen aan het gebed en zien daarvoor af van alle aardse genot en eigendom. Zo\u2019n mannen worden monniken genoemd, zo\u2019n vrouwen monialen. Orthodoxe bisschoppen worden gekozen uit de monniken en zijn dus ongehuwd. Diakens en priesters mogen wel gehuwd zijn. Diakens zijn helpers van de bisschop, een priester is een plaatsvervanger van de bisschop.<\/p>\n\n\n\n<p>De plaatselijke kerkgemeenschap in een wijk, dorp of stad heet een parochie. Het is niet uitzonderlijk dat er bij de erediensten in de parochies Nederlands wordt gebruikt. Er zijn ook parochies waar het Nederlands de voornaamste liturgische taal is. De oudste orthodoxe parochie van Antwerpen en zelfs van Belgi\u00eb behoort tot het Oecumenisch Patriarchaat van Constantinopel en is overwegend maar niet uitsluitend Griekstalig. Na verloop van tijd groeiden daar parochies uit van andere taalgroepen of in andere regio\u2019s.<\/p>\n\n\n\n<p>Alle parochies die bij een bisschop behoren, vormen samen een bisdom. Een bisschop van een grote stad (metropool) wordt ook wel metropoliet genoemd. De voornaamste bisschop van een land krijgt de eretitel \u201caartsbisschop\u201d. Enkele aartsbisschoppen krijgen de eretitel \u201cpatriarch\u201d. Daarbij geldt de Patriarch van Constantinopel (Istanbul) als eerste onder gelijken.<\/p>\n\n\n\n<h3 class=\"wp-block-heading\"><strong>Diversiteit binnen de Orthodoxe Kerk<\/strong><\/h3>\n\n\n\n<p>De Orthodoxe Kerk vormt \u00e9\u00e9n lichaam met verschillende ledematen met uiteenlopende functies. In de Kerk is iedereen broeder en zuster van eenzelfde geestelijke familie, zonder onderscheid naar leeftijd, etniciteit of stand. Door de Communie loopt het bloed van Christus door ieders lichaam.<\/p>\n\n\n\n<div class=\"wp-block-image size-medium wp-image-60\"><figure class=\"aligncenter\"><img decoding=\"async\" width=\"300\" height=\"201\" src=\"https:\/\/parel.orbitantwerpen.be\/wp-content\/uploads\/2022\/05\/Orthodoxe-kerk-foto-3-Pasen-in-Zwierki-300x201.jpeg\" alt=\"\" class=\"wp-image-60\" srcset=\"https:\/\/parel.orbitantwerpen.be\/wp-content\/uploads\/2022\/05\/Orthodoxe-kerk-foto-3-Pasen-in-Zwierki-300x201.jpeg 300w, https:\/\/parel.orbitantwerpen.be\/wp-content\/uploads\/2022\/05\/Orthodoxe-kerk-foto-3-Pasen-in-Zwierki-1024x685.jpeg 1024w, https:\/\/parel.orbitantwerpen.be\/wp-content\/uploads\/2022\/05\/Orthodoxe-kerk-foto-3-Pasen-in-Zwierki-768x514.jpeg 768w, https:\/\/parel.orbitantwerpen.be\/wp-content\/uploads\/2022\/05\/Orthodoxe-kerk-foto-3-Pasen-in-Zwierki-1536x1028.jpeg 1536w, https:\/\/parel.orbitantwerpen.be\/wp-content\/uploads\/2022\/05\/Orthodoxe-kerk-foto-3-Pasen-in-Zwierki-1200x803.jpeg 1200w, https:\/\/parel.orbitantwerpen.be\/wp-content\/uploads\/2022\/05\/Orthodoxe-kerk-foto-3-Pasen-in-Zwierki-1980x1325.jpeg 1980w, https:\/\/parel.orbitantwerpen.be\/wp-content\/uploads\/2022\/05\/Orthodoxe-kerk-foto-3-Pasen-in-Zwierki.jpeg 2000w\" sizes=\"(max-width: 300px) 100vw, 300px\" \/><figcaption>Orthodoxe kerk &#8211; Pasen in Zwierki <br>(foto: https:\/\/www.orthphoto.net)<\/figcaption><\/figure><\/div>\n\n\n\n<p>Hoewel er een formele hi\u00ebrarchie is met (ongehuwde) bisschoppen, (vaak gehuwde) priesters en (vaak gehuwde) diakens, wordt het orthodoxe geloof door al haar leden gedragen. De orthodoxie heeft altijd ge\u00ebngageerde leken (=niet-geestelijken) gekend die niet zelden een belangrijke rol spelen, zowel op maatschappelijk als op leerstellig vlak.<\/p>\n\n\n\n<p>De Orthodoxe Kerk is even divers als een moza\u00efek en dat geldt ook voor Antwerpen. De meeste orthodoxe christenen hebben een buitenlandse achtergrond. De eerste orthodoxe Antwerpenaren waren vooral Griekse scheepslui. In het interbellum volgde een beperkte groep Russische vluchtelingen (waaronder vliegtuigbouwer George Ivanow). Eind jaren 1980 sloot een bescheiden groep Vlamingen zich bij de Orthodoxie aan. In de jaren 1990, na de val van het communisme, vestigden er zich in Antwerpen een groot aantal orthodoxe christenen uit de ex-Sovjet-unie en ex-Joegoslavi\u00eb (vooral uit Rusland, Oekra\u00efne, Servi\u00eb en Georgi\u00eb).<\/p>\n\n\n\n<p>In 2007 traden Roemeni\u00eb en Bulgarije toe tot de EU en sinds 2014 is er vrij verkeer van werknemers uit deze landen. Sindsien is het aantal orthodoxe christenen van Roemeense achtergrond explosief gestegen. Zij vormen momenteel veruit de grootste groep orthodoxe christenen in Antwerpen.<\/p>\n\n\n\n<p>Tot slot werd de orthodoxe geloofsgemeenschap recent aangevuld met (vaak jonge, hoogopgeleide) Grieken die door de crisis daar geen degelijk werk vinden.<\/p>\n\n\n\n<p>Kortom: de orthodoxe Kerk in Antwerpen is niet alleen divers qua opleidingsniveau, inkomen en positie in de maatschappij, maar ook qua etnische achtergrond.<\/p>\n\n\n\n<div class=\"wp-block-image wp-image-61\"><figure class=\"aligncenter is-resized\"><img loading=\"lazy\" decoding=\"async\" src=\"https:\/\/parel.orbitantwerpen.be\/wp-content\/uploads\/2022\/05\/Orthodoxe-kerk-foto-4-Pasen-in-Grabarka-300x200.jpeg\" alt=\"\" class=\"wp-image-61\" width=\"395\" height=\"263\" srcset=\"https:\/\/parel.orbitantwerpen.be\/wp-content\/uploads\/2022\/05\/Orthodoxe-kerk-foto-4-Pasen-in-Grabarka-300x200.jpeg 300w, https:\/\/parel.orbitantwerpen.be\/wp-content\/uploads\/2022\/05\/Orthodoxe-kerk-foto-4-Pasen-in-Grabarka-1024x684.jpeg 1024w, https:\/\/parel.orbitantwerpen.be\/wp-content\/uploads\/2022\/05\/Orthodoxe-kerk-foto-4-Pasen-in-Grabarka-768x513.jpeg 768w, https:\/\/parel.orbitantwerpen.be\/wp-content\/uploads\/2022\/05\/Orthodoxe-kerk-foto-4-Pasen-in-Grabarka-1536x1025.jpeg 1536w, https:\/\/parel.orbitantwerpen.be\/wp-content\/uploads\/2022\/05\/Orthodoxe-kerk-foto-4-Pasen-in-Grabarka-1200x801.jpeg 1200w, https:\/\/parel.orbitantwerpen.be\/wp-content\/uploads\/2022\/05\/Orthodoxe-kerk-foto-4-Pasen-in-Grabarka-1980x1322.jpeg 1980w, https:\/\/parel.orbitantwerpen.be\/wp-content\/uploads\/2022\/05\/Orthodoxe-kerk-foto-4-Pasen-in-Grabarka.jpeg 2048w\" sizes=\"(max-width: 395px) 100vw, 395px\" \/><figcaption>Orthodoxe kerk &#8211; Pasen in Grabarka<\/figcaption><\/figure><\/div>\n\n\n\n<h3 class=\"wp-block-heading\"><strong>Ons maatschappelijk engagement<\/strong><\/h3>\n\n\n\n<p>De liefde voor God is in de Orthodoxe Kerk onlosmakelijk verbonden met de liefde voor de naaste. Daarom heeft de orthodoxe Kerk van oudsher een sterk <strong>sociaal engagement<\/strong>. De eerste zieken-, bejaarden- en weeshuizen werden opgericht in een orthodox-christelijke kerkelijke context, in het bijzonder het \u201cPtochokomeion\u201d (alias \u201cBasileiada\u201d) van de Heilige Basilius van Caesarea. De orthodoxe Kerk ziet zichzelf inzake ziekenzorg echter als complementair met de burgerlijke overheid, niet als concurrent.<\/p>\n\n\n\n<p>Van bij het begin heeft de Antwerpse orthodoxe Kerk specifiek veel aandacht gehad voor <strong>behoeftige zeelui<\/strong>, ongeacht taal, afkomst of gezindte. Het engagement van de derde orthodoxe priester in Antwerpen, Emilianos Timiadis, leidde tot een samenwerking met de andere Antwerpse geloofsgemeenschappen. Die was zo nauw dat die <strong>oecumenische werking<\/strong> als voorbeeld werd gesteld voor de oprichting van de Wereldraad van Kerken (<a href=\"https:\/\/www.oikoumene.org\/\">WCC<\/a>). De orthodoxe Kerk is dan ook stichtend lid van de Antwerpse Raad van Kerken (<a href=\"https:\/\/antwerpseraadvankerken.be\/\">ARK<\/a>).<\/p>\n\n\n\n<p>Voor het overige is het sociale engagement eerder beperkt, omdat de Antwerpse orthodoxe gemeenschap vrij klein is. Verschillende gemeenschappen organiseren en\/of ondersteunen wel charitatieve en sociale initiatieven en projecten in hun landen van herkomst.<\/p>\n\n\n\n<p>Daarnaast stimuleert de Orthodoxe Kerk het <strong>onderwijs <\/strong>sterk. Het is gebruikelijk dat de kerk en de school naast elkaar staan. Er bestaan echter geen scholen die door de Kerk worden <em>georganiseerd<\/em>: ook qua onderwijs ziet de orthodoxie een complementaire rol voor zichzelf weggelegd. Omwille van de bescheiden omvang van de Antwerpse gemeenschap is het onderwijs in Antwerpen trouwens beperkt tot taal- en cultuurlessen evenals geloofsonderricht. Aangezien orthodoxie een erkende eredienst is in Belgi\u00eb, kunnen leerlingen in het gemeenschapsonderwijs wel kiezen voor orthodoxie in de levensbeschouwelijke lesuren.<\/p>\n\n\n\n<p>Globaal gesproken hecht de orthodoxe Kerk tot slot veel belang aan <strong>ecologie<\/strong>. Het Oecumenisch Patriarchaat is al decennialang wereldwijd een voortrekker van de bescherming van de schepping. De lokale Antwerpse gemeenschap is op dat vlak opnieuw echter te klein om een rol van enige betekenis te kunnen spelen.<\/p>\n\n\n\n<div class=\"wp-block-image wp-image-62\"><figure class=\"aligncenter is-resized\"><img loading=\"lazy\" decoding=\"async\" src=\"https:\/\/parel.orbitantwerpen.be\/wp-content\/uploads\/2022\/05\/Orthodoxe-kerk-foto-5-Pasen-in-Grabarka-300x200.jpeg\" alt=\"\" class=\"wp-image-62\" width=\"398\" height=\"265\" srcset=\"https:\/\/parel.orbitantwerpen.be\/wp-content\/uploads\/2022\/05\/Orthodoxe-kerk-foto-5-Pasen-in-Grabarka-300x200.jpeg 300w, https:\/\/parel.orbitantwerpen.be\/wp-content\/uploads\/2022\/05\/Orthodoxe-kerk-foto-5-Pasen-in-Grabarka-1024x683.jpeg 1024w, https:\/\/parel.orbitantwerpen.be\/wp-content\/uploads\/2022\/05\/Orthodoxe-kerk-foto-5-Pasen-in-Grabarka-768x512.jpeg 768w, https:\/\/parel.orbitantwerpen.be\/wp-content\/uploads\/2022\/05\/Orthodoxe-kerk-foto-5-Pasen-in-Grabarka-1536x1024.jpeg 1536w, https:\/\/parel.orbitantwerpen.be\/wp-content\/uploads\/2022\/05\/Orthodoxe-kerk-foto-5-Pasen-in-Grabarka-2048x1366.jpeg 2048w, https:\/\/parel.orbitantwerpen.be\/wp-content\/uploads\/2022\/05\/Orthodoxe-kerk-foto-5-Pasen-in-Grabarka-1200x800.jpeg 1200w, https:\/\/parel.orbitantwerpen.be\/wp-content\/uploads\/2022\/05\/Orthodoxe-kerk-foto-5-Pasen-in-Grabarka-1980x1320.jpeg 1980w\" sizes=\"(max-width: 398px) 100vw, 398px\" \/><figcaption>Orthodoxe kerk &#8211; Pasen in Grabarka<\/figcaption><\/figure><\/div>\n\n\n\n<p><em>Geschreven door Barnabas Genbrugge<\/em><\/p>\n","protected":false},"excerpt":{"rendered":"<p>God is Liefde, maar liefde is niet eenvoudig te begrijpen. De Orthodoxe Kerk gelooft in \u00e9\u00e9n God, die zijn Woord naar de mensen heeft gestuurd om ons terug heilig (heel) te maken. De drie personen van die Ene God: Vader, Zoon en Heilige Geest, zijn onvermengd, onveranderd, ongedeeld en ongescheiden. Pasen, de Verrijzenis van Jezus &#8230; <a title=\"Antwerpse Orthodoxe Kerk\" class=\"read-more\" href=\"https:\/\/parel.orbitantwerpen.be\/index.php\/antwerpse-orthodoxe-kerk\/\" aria-label=\"Meer op Antwerpse Orthodoxe Kerk\">Lees meer<\/a><\/p>\n","protected":false},"author":1,"featured_media":0,"parent":0,"menu_order":0,"comment_status":"closed","ping_status":"closed","template":"","meta":{"footnotes":""},"class_list":["post-57","page","type-page","status-publish"],"yoast_head":"<!-- This site is optimized with the Yoast SEO plugin v27.3 - https:\/\/yoast.com\/product\/yoast-seo-wordpress\/ -->\n<title>Antwerpse Orthodoxe Kerk - PAREL<\/title>\n<meta name=\"robots\" content=\"index, follow, max-snippet:-1, max-image-preview:large, max-video-preview:-1\" \/>\n<link rel=\"canonical\" href=\"https:\/\/parel.orbitantwerpen.be\/index.php\/antwerpse-orthodoxe-kerk\/\" \/>\n<meta property=\"og:locale\" content=\"nl_NL\" \/>\n<meta property=\"og:type\" content=\"article\" \/>\n<meta property=\"og:title\" content=\"Antwerpse Orthodoxe Kerk - PAREL\" \/>\n<meta property=\"og:description\" content=\"God is Liefde, maar liefde is niet eenvoudig te begrijpen. De Orthodoxe Kerk gelooft in \u00e9\u00e9n God, die zijn Woord naar de mensen heeft gestuurd om ons terug heilig (heel) te maken. De drie personen van die Ene God: Vader, Zoon en Heilige Geest, zijn onvermengd, onveranderd, ongedeeld en ongescheiden. Pasen, de Verrijzenis van Jezus ... Lees meer\" \/>\n<meta property=\"og:url\" content=\"https:\/\/parel.orbitantwerpen.be\/index.php\/antwerpse-orthodoxe-kerk\/\" \/>\n<meta property=\"og:site_name\" content=\"PAREL\" \/>\n<meta property=\"article:modified_time\" content=\"2022-05-20T12:18:45+00:00\" \/>\n<meta property=\"og:image\" content=\"https:\/\/parel.orbitantwerpen.be\/wp-content\/uploads\/2022\/05\/Orthodoxe-kerk-foto-1-Bidhoekje-225x300.jpeg\" \/>\n<meta name=\"twitter:card\" content=\"summary_large_image\" \/>\n<meta name=\"twitter:label1\" content=\"Geschatte leestijd\" \/>\n\t<meta name=\"twitter:data1\" content=\"6 minuten\" \/>\n<script type=\"application\/ld+json\" class=\"yoast-schema-graph\">{\"@context\":\"https:\\\/\\\/schema.org\",\"@graph\":[{\"@type\":\"WebPage\",\"@id\":\"https:\\\/\\\/parel.orbitantwerpen.be\\\/index.php\\\/antwerpse-orthodoxe-kerk\\\/\",\"url\":\"https:\\\/\\\/parel.orbitantwerpen.be\\\/index.php\\\/antwerpse-orthodoxe-kerk\\\/\",\"name\":\"Antwerpse Orthodoxe Kerk - PAREL\",\"isPartOf\":{\"@id\":\"https:\\\/\\\/parel.orbitantwerpen.be\\\/#website\"},\"primaryImageOfPage\":{\"@id\":\"https:\\\/\\\/parel.orbitantwerpen.be\\\/index.php\\\/antwerpse-orthodoxe-kerk\\\/#primaryimage\"},\"image\":{\"@id\":\"https:\\\/\\\/parel.orbitantwerpen.be\\\/index.php\\\/antwerpse-orthodoxe-kerk\\\/#primaryimage\"},\"thumbnailUrl\":\"https:\\\/\\\/parel.orbitantwerpen.be\\\/wp-content\\\/uploads\\\/2022\\\/05\\\/Orthodoxe-kerk-foto-1-Bidhoekje-225x300.jpeg\",\"datePublished\":\"2022-05-11T08:14:46+00:00\",\"dateModified\":\"2022-05-20T12:18:45+00:00\",\"breadcrumb\":{\"@id\":\"https:\\\/\\\/parel.orbitantwerpen.be\\\/index.php\\\/antwerpse-orthodoxe-kerk\\\/#breadcrumb\"},\"inLanguage\":\"nl-NL\",\"potentialAction\":[{\"@type\":\"ReadAction\",\"target\":[\"https:\\\/\\\/parel.orbitantwerpen.be\\\/index.php\\\/antwerpse-orthodoxe-kerk\\\/\"]}]},{\"@type\":\"ImageObject\",\"inLanguage\":\"nl-NL\",\"@id\":\"https:\\\/\\\/parel.orbitantwerpen.be\\\/index.php\\\/antwerpse-orthodoxe-kerk\\\/#primaryimage\",\"url\":\"https:\\\/\\\/parel.orbitantwerpen.be\\\/wp-content\\\/uploads\\\/2022\\\/05\\\/Orthodoxe-kerk-foto-1-Bidhoekje-225x300.jpeg\",\"contentUrl\":\"https:\\\/\\\/parel.orbitantwerpen.be\\\/wp-content\\\/uploads\\\/2022\\\/05\\\/Orthodoxe-kerk-foto-1-Bidhoekje-225x300.jpeg\"},{\"@type\":\"BreadcrumbList\",\"@id\":\"https:\\\/\\\/parel.orbitantwerpen.be\\\/index.php\\\/antwerpse-orthodoxe-kerk\\\/#breadcrumb\",\"itemListElement\":[{\"@type\":\"ListItem\",\"position\":1,\"name\":\"Home\",\"item\":\"https:\\\/\\\/parel.orbitantwerpen.be\\\/\"},{\"@type\":\"ListItem\",\"position\":2,\"name\":\"Antwerpse Orthodoxe Kerk\"}]},{\"@type\":\"WebSite\",\"@id\":\"https:\\\/\\\/parel.orbitantwerpen.be\\\/#website\",\"url\":\"https:\\\/\\\/parel.orbitantwerpen.be\\\/\",\"name\":\"PAREL\",\"description\":\"\",\"publisher\":{\"@id\":\"https:\\\/\\\/parel.orbitantwerpen.be\\\/#organization\"},\"potentialAction\":[{\"@type\":\"SearchAction\",\"target\":{\"@type\":\"EntryPoint\",\"urlTemplate\":\"https:\\\/\\\/parel.orbitantwerpen.be\\\/?s={search_term_string}\"},\"query-input\":{\"@type\":\"PropertyValueSpecification\",\"valueRequired\":true,\"valueName\":\"search_term_string\"}}],\"inLanguage\":\"nl-NL\"},{\"@type\":\"Organization\",\"@id\":\"https:\\\/\\\/parel.orbitantwerpen.be\\\/#organization\",\"name\":\"PAREL\",\"url\":\"https:\\\/\\\/parel.orbitantwerpen.be\\\/\",\"logo\":{\"@type\":\"ImageObject\",\"inLanguage\":\"nl-NL\",\"@id\":\"https:\\\/\\\/parel.orbitantwerpen.be\\\/#\\\/schema\\\/logo\\\/image\\\/\",\"url\":\"https:\\\/\\\/parel.orbitantwerpen.be\\\/wp-content\\\/uploads\\\/2022\\\/05\\\/Parel_CMYK_liggend.png\",\"contentUrl\":\"https:\\\/\\\/parel.orbitantwerpen.be\\\/wp-content\\\/uploads\\\/2022\\\/05\\\/Parel_CMYK_liggend.png\",\"width\":1772,\"height\":527,\"caption\":\"PAREL\"},\"image\":{\"@id\":\"https:\\\/\\\/parel.orbitantwerpen.be\\\/#\\\/schema\\\/logo\\\/image\\\/\"}}]}<\/script>\n<!-- \/ Yoast SEO plugin. -->","yoast_head_json":{"title":"Antwerpse Orthodoxe Kerk - PAREL","robots":{"index":"index","follow":"follow","max-snippet":"max-snippet:-1","max-image-preview":"max-image-preview:large","max-video-preview":"max-video-preview:-1"},"canonical":"https:\/\/parel.orbitantwerpen.be\/index.php\/antwerpse-orthodoxe-kerk\/","og_locale":"nl_NL","og_type":"article","og_title":"Antwerpse Orthodoxe Kerk - PAREL","og_description":"God is Liefde, maar liefde is niet eenvoudig te begrijpen. De Orthodoxe Kerk gelooft in \u00e9\u00e9n God, die zijn Woord naar de mensen heeft gestuurd om ons terug heilig (heel) te maken. De drie personen van die Ene God: Vader, Zoon en Heilige Geest, zijn onvermengd, onveranderd, ongedeeld en ongescheiden. Pasen, de Verrijzenis van Jezus ... Lees meer","og_url":"https:\/\/parel.orbitantwerpen.be\/index.php\/antwerpse-orthodoxe-kerk\/","og_site_name":"PAREL","article_modified_time":"2022-05-20T12:18:45+00:00","og_image":[{"url":"https:\/\/parel.orbitantwerpen.be\/wp-content\/uploads\/2022\/05\/Orthodoxe-kerk-foto-1-Bidhoekje-225x300.jpeg","type":"","width":"","height":""}],"twitter_card":"summary_large_image","twitter_misc":{"Geschatte leestijd":"6 minuten"},"schema":{"@context":"https:\/\/schema.org","@graph":[{"@type":"WebPage","@id":"https:\/\/parel.orbitantwerpen.be\/index.php\/antwerpse-orthodoxe-kerk\/","url":"https:\/\/parel.orbitantwerpen.be\/index.php\/antwerpse-orthodoxe-kerk\/","name":"Antwerpse Orthodoxe Kerk - PAREL","isPartOf":{"@id":"https:\/\/parel.orbitantwerpen.be\/#website"},"primaryImageOfPage":{"@id":"https:\/\/parel.orbitantwerpen.be\/index.php\/antwerpse-orthodoxe-kerk\/#primaryimage"},"image":{"@id":"https:\/\/parel.orbitantwerpen.be\/index.php\/antwerpse-orthodoxe-kerk\/#primaryimage"},"thumbnailUrl":"https:\/\/parel.orbitantwerpen.be\/wp-content\/uploads\/2022\/05\/Orthodoxe-kerk-foto-1-Bidhoekje-225x300.jpeg","datePublished":"2022-05-11T08:14:46+00:00","dateModified":"2022-05-20T12:18:45+00:00","breadcrumb":{"@id":"https:\/\/parel.orbitantwerpen.be\/index.php\/antwerpse-orthodoxe-kerk\/#breadcrumb"},"inLanguage":"nl-NL","potentialAction":[{"@type":"ReadAction","target":["https:\/\/parel.orbitantwerpen.be\/index.php\/antwerpse-orthodoxe-kerk\/"]}]},{"@type":"ImageObject","inLanguage":"nl-NL","@id":"https:\/\/parel.orbitantwerpen.be\/index.php\/antwerpse-orthodoxe-kerk\/#primaryimage","url":"https:\/\/parel.orbitantwerpen.be\/wp-content\/uploads\/2022\/05\/Orthodoxe-kerk-foto-1-Bidhoekje-225x300.jpeg","contentUrl":"https:\/\/parel.orbitantwerpen.be\/wp-content\/uploads\/2022\/05\/Orthodoxe-kerk-foto-1-Bidhoekje-225x300.jpeg"},{"@type":"BreadcrumbList","@id":"https:\/\/parel.orbitantwerpen.be\/index.php\/antwerpse-orthodoxe-kerk\/#breadcrumb","itemListElement":[{"@type":"ListItem","position":1,"name":"Home","item":"https:\/\/parel.orbitantwerpen.be\/"},{"@type":"ListItem","position":2,"name":"Antwerpse Orthodoxe Kerk"}]},{"@type":"WebSite","@id":"https:\/\/parel.orbitantwerpen.be\/#website","url":"https:\/\/parel.orbitantwerpen.be\/","name":"PAREL","description":"","publisher":{"@id":"https:\/\/parel.orbitantwerpen.be\/#organization"},"potentialAction":[{"@type":"SearchAction","target":{"@type":"EntryPoint","urlTemplate":"https:\/\/parel.orbitantwerpen.be\/?s={search_term_string}"},"query-input":{"@type":"PropertyValueSpecification","valueRequired":true,"valueName":"search_term_string"}}],"inLanguage":"nl-NL"},{"@type":"Organization","@id":"https:\/\/parel.orbitantwerpen.be\/#organization","name":"PAREL","url":"https:\/\/parel.orbitantwerpen.be\/","logo":{"@type":"ImageObject","inLanguage":"nl-NL","@id":"https:\/\/parel.orbitantwerpen.be\/#\/schema\/logo\/image\/","url":"https:\/\/parel.orbitantwerpen.be\/wp-content\/uploads\/2022\/05\/Parel_CMYK_liggend.png","contentUrl":"https:\/\/parel.orbitantwerpen.be\/wp-content\/uploads\/2022\/05\/Parel_CMYK_liggend.png","width":1772,"height":527,"caption":"PAREL"},"image":{"@id":"https:\/\/parel.orbitantwerpen.be\/#\/schema\/logo\/image\/"}}]}},"_links":{"self":[{"href":"https:\/\/parel.orbitantwerpen.be\/index.php\/wp-json\/wp\/v2\/pages\/57","targetHints":{"allow":["GET"]}}],"collection":[{"href":"https:\/\/parel.orbitantwerpen.be\/index.php\/wp-json\/wp\/v2\/pages"}],"about":[{"href":"https:\/\/parel.orbitantwerpen.be\/index.php\/wp-json\/wp\/v2\/types\/page"}],"author":[{"embeddable":true,"href":"https:\/\/parel.orbitantwerpen.be\/index.php\/wp-json\/wp\/v2\/users\/1"}],"replies":[{"embeddable":true,"href":"https:\/\/parel.orbitantwerpen.be\/index.php\/wp-json\/wp\/v2\/comments?post=57"}],"version-history":[{"count":2,"href":"https:\/\/parel.orbitantwerpen.be\/index.php\/wp-json\/wp\/v2\/pages\/57\/revisions"}],"predecessor-version":[{"id":161,"href":"https:\/\/parel.orbitantwerpen.be\/index.php\/wp-json\/wp\/v2\/pages\/57\/revisions\/161"}],"wp:attachment":[{"href":"https:\/\/parel.orbitantwerpen.be\/index.php\/wp-json\/wp\/v2\/media?parent=57"}],"curies":[{"name":"wp","href":"https:\/\/api.w.org\/{rel}","templated":true}]}}