{"id":65,"date":"2022-05-11T09:16:55","date_gmt":"2022-05-11T08:16:55","guid":{"rendered":"https:\/\/parel.orbitantwerpen.be\/?page_id=65"},"modified":"2022-05-20T13:20:32","modified_gmt":"2022-05-20T12:20:32","slug":"bahai","status":"publish","type":"page","link":"https:\/\/parel.orbitantwerpen.be\/index.php\/bahai\/","title":{"rendered":"Bah\u00e1\u2019\u00ed"},"content":{"rendered":"\n<h3 class=\"wp-block-heading\"><strong>Kernovertuigingen van het bah\u00e1\u2019\u00ed-geloof <\/strong><\/h3>\n\n\n\n<p>Bah\u00e1\u2019\u00ed\u2019s zijn volgelingen van <strong>Bah\u00e1\u2019u\u2019ll\u00e1h<\/strong> (1817-1892)&nbsp; \u2013 de \u201cGlorie van God\u201d \u2013 die een nieuwe Openbaring van God aan de mensheid bracht. In zijn Geschriften zette Hij een raamwerk uiteen voor de ontwikkeling van een wereldbeschaving, dat zowel de geestelijke als de materi\u00eble dimensies van het menselijk leven omvat. Bah\u00e1\u2019\u00ed\u2019s geloven dat er maar <strong>\u00e9\u00e9n God<\/strong> is, de Schepper van het heelal, de Alwetende, de Liefderijke, de Barmhartige. Het is onmogelijk voor enig schepsel om de ware werkelijkheid van God te begrijpen. Hoewel de ware aard van God ons altijd zal ontgaan, is het <strong>doel van ons leven<\/strong> Hem te erkennen, lief te hebben en dichter bij Hem te komen.<\/p>\n\n\n\n<p>Doorheen de tijd heeft God naar de mensheid een reeks van <strong>goddelijke Opvoeders<\/strong> gestuurd \u2013 gekend als Manifestaties van God \u2013 waarvan de onderrichtingen de basis waren voor de vooruitgang van de beschaving. Bah\u00e1\u2019u\u2019ll\u00e1h, de laatste van deze Opvoeders, legde uit dat de godsdiensten van de wereld uit dezelfde Bron komen en in essentie de opeenvolgende hoofdstukken zijn van \u00e9\u00e9n goddelijk geloof. Het bah\u00e1\u2019\u00ed-geloof leert ons dat de tijd gekomen is voor de mensheid om elkaar te beschouwen als <strong>\u00e9\u00e9n volk<\/strong>, als burgers van \u00e9\u00e9n land. Wij zijn getuigen van niets minder dan de omvorming van de menselijke samenleving in een <strong>planetaire beschaving<\/strong> gegrond in <strong>universele wereldvrede<\/strong>. Om dit op een duurzame manier te bereiken moet die vrede stevig gebouwd zijn op bepaalde principes: <strong>gerechtigheid, verwijdering van elk vooroordeel, gelijkwaardigheid van man en vrouw, harmonie tussen wetenschap en godsdienst, een geestelijke oplossing voor onze economische problemen en het kiezen en promoten van een wereldhulptaal<\/strong>.<\/p>\n\n\n\n<p>Onze ware identiteit wordt gezien als geestelijk. Als we dat weten zullen onze vrije wil en de kracht van ons verstand ons toelaten om onze samenleving en onszelf voortdurend te verbeteren en een pad van <strong>dienstbaarheid<\/strong> te bewandelen voor God en de mensheid. Dat pad geeft betekenis aan het leven en bereidt ons voor op het moment dat de ziel het lichaam verlaat en zijn eeuwige tocht naar zijn Schepper voortzet.<\/p>\n\n\n\n<h3 class=\"wp-block-heading\"><strong>Structuur van de gemeenschap <\/strong><\/h3>\n\n\n\n<p>De bah\u00e1\u2019\u00ed\u2019s zien zichzelf als deel van een <strong>lokale, nationale en wereldgemeenschap<\/strong>. Geen enkele inspanning wordt onverlet gelaten om deze gemeenschap levendig en open naar alle mensen te maken.<\/p>\n\n\n\n<p><strong>Vrijmoedige, kalme en oprechte beraadslaging<\/strong> zijn levensbelangrijk voor het succes van elke gemeenschappelijke onderneming en \u00e9\u00e9n van de kenmerken van het functioneren van de bah\u00e1\u2019\u00ed-bestuursorde. Het doel van die consultatie is niet alleen een raamwerk te voorzien waarbinnen gemeenschappelijke beslissingen kunnen worden genomen \u2013 hoe belangrijk dit ook is. Het is een middel om overeenstemming van standpunten te bereiken, de <strong>eenheid<\/strong> te <strong>bevorderen<\/strong> tussen de leden van de gemeenschap, de banden van vertrouwen en liefde tussen de individuen en de instellingen te versterken, en toe te laten dat nieuwe inzichten over ingewikkelde zaken naar voor worden gebracht en kalm worden onderzocht.<\/p>\n\n\n\n<p>Omdat het bah\u00e1\u2019\u00ed-geloof <strong>geen priesters of professionele geestelijken<\/strong> kent, komen zijn administratie en organisatie terecht bij de gelovigen zelf, die deze dienst aan de gemeenschap als een plicht en een voorrecht beschouwen. Het geloof is uniek in de gehele geschiedenis van de wereldgodsdiensten omdat zijn <strong>bestuursorde een integraal onderdeel<\/strong> vormt <strong>van de Openbaring van Bah\u00e1\u2019u\u2019ll\u00e1h<\/strong>. In elke plaats waar negen of meer gelovigen gevestigd zijn, wordt elk jaar een <strong>Lokale Geestelijke Raad<\/strong> gekozen om de zaken van de gemeenschap te regelen en zijn ontwikkeling te begeleiden. Hetzelfde doet zich voor op nationaal vlak met als tussenschakel een conventie van afgevaardigden verkozen door de volwassen gelovigen van elke regio. Elke vijf jaar komen de leden van de <strong>Nationale Geestelijke Raden<\/strong> bijeen in Haifa, Isra\u00ebl, om het <strong>Universele Huis van Gerechtigheid<\/strong> te verkiezen, het hoogste wetgevende orgaan en de leidende hand van de Bah\u00e1\u2019\u00ed wereldgemeenschap. Verkiezingen voor bah\u00e1\u2019\u00ed geestelijke raden vinden plaats als een anonieme\/geheime en volstrekt onafhankelijke stemming in een geest van gebed volgens het principe van <strong>universeel actief en passief stemrecht<\/strong>. Dat betekent dat zij die kunnen stemmen zonder meer ook verkiesbaar zijn. Er zijn geen verkiezingscampagnes noch is het werven van stemmen of de promotie van een bepaalde persoon toegelaten.<\/p>\n\n\n\n<p>Het <strong>Negentiendaagsfeest<\/strong> werd ingesteld door Bah\u00e1\u2019u\u2019ll\u00e1h; Hij raadde zijn volgelingen aan elkaar eens per bah\u00e1\u2019\u00ed-maand te ontmoeten, ook al is het \u201calleen met water\u201d. Dit feest dat gehouden wordt op de eerste dag van iedere bah\u00e1\u2019\u00ed maand, brengt de gelovigen van een plaats samen om te bidden, te beraadslagen en van elkaars gezelschap te genieten.<\/p>\n\n\n\n<h3 class=\"wp-block-heading\"><strong>Diversiteit binnen de religie <\/strong><\/h3>\n\n\n\n<p>Het bah\u00e1\u2019\u00ed geloof ontstond in 1863 in het huidige Iran. Door de verbanning van <strong>Bah\u00e1\u2019u\u2019ll\u00e1h<\/strong> &nbsp;naar Syri\u00eb; Irak, Turkije en uiteindelijk Isra\u00ebl verspreidde het geloof zich al gauw ook in die regio\u2019s. In zijn testament benoemde Bah\u00e1\u2019u\u2019ll\u00e1h zijn oudste zoon, \u2018Abdu\u2019l-Bah\u00e1 (1844-1921), tot de gevolmachtigde uitlegger van zijn leringen en Hoofd van het geloof. \u2018Abdu\u2019l-Bah\u00e1 werd tijdens zijn reizen in het Oosten en Westen bekend als een ambassadeur voor vrede, een voorbeeldig mens en het leidende voorbeeld van het nieuwe geloof. De door \u2018Abdu\u2019l-Bah\u00e1 benoemde Behoeder van het Bah\u00e1\u2019\u00ed-geloof, zijn oudste kleinzoon Shoghi Effendi (1897-1957), besteedde 36 jaar aan het systematisch koesteren van de ontwikkeling, de verdieping van het begrip en het versterken van de eenheid van de bah\u00e1\u2019\u00ed-gemeenschap, die steeds meer de diversiteit van de gehele mensheid ging weerspiegelen.<\/p>\n\n\n\n<p>Er zijn op dit ogenblik ongeveer zeven miljoen bah\u00e1\u2019\u00ed\u2019s over de hele wereld, in 194 landen. Zij komen van elke mogelijke sociale, culturele, etnische en economische achtergrond, en vormen daarmee waarschijnlijk de meest <strong>diverse<\/strong> en allen omvattende <strong>gemeenschap<\/strong> in de geschiedenis van de planeet. Tezelfdertijd zijn er nog miljoenen vrienden van het geloof die zich actief vereenzelvigen met zijn waarden, zijn doelen delen en die besloten dezelfde weg van geestelijke groei en dienstbaarheid te gaan.<\/p>\n\n\n\n<p>Hoewel Belgi\u00eb in contact kwam met het bah\u00e1\u2019\u00ed-geloof op het einde van de &nbsp;jaren twintig van de vorige eeuw, toen verscheidene leden van de Esperanto-beweging die bah\u00e1\u2019\u00ed waren een conferentie bijwoonden in Antwerpen, waren de eerste gelovigen die hier leefden Iraanse studenten die aan de universiteit studeerden juist voor het begin van de Tweede Wereldoorlog. In de periode na de oorlog begonnen meer bah\u00e1\u2019\u00ed\u2019s zich hier te vestigen en de eerste gemeenschap werd gevormd in Brussel in 1948. In 1959, \u201960 en \u201961 werden de eerste Lokale Geestelijke Raden verkozen in Antwerpen, Luik en Charleroi. De eerste Nationale Geestelijke Raad&nbsp;van de bah\u00e1\u2019\u00eds van Belgi\u00eb werd verkozen in 1962. Vandaag zijn de bah\u00e1\u2019\u00eds over alle regio\u2019s van Belgi\u00eb verspreid.<\/p>\n\n\n\n<p>Bah\u00e1\u2019\u00ed\u2019s staan voor het opheffen van vooroordelen, onafhankelijk onderzoek van de waarheid en samenwerking met andersdenkenden. Dit zijn allemaal principes die diversiteit bevorderen.<\/p>\n\n\n\n<h3 class=\"wp-block-heading\"><strong>Maatschappelijk engagement uitgaande van het Bah\u00e1\u2019\u00ed-geloof<\/strong><\/h3>\n\n\n\n<p>Waar de bah\u00e1\u2019\u00ed-gemeenschap goed gevestigd is, werken bah\u00e1\u2019\u00eds en hun vrienden in wijken en dorpen samen om hechte gemeenschappen op te bouwen door mogelijkheden te cre\u00ebren voor kinderen, jeugd, jongeren en volwassenen om geestelijk te groeien en dienstbaar te zijn in en aan de maatschappij.<\/p>\n\n\n\n<p>Het <strong>gezin<\/strong> vormt de hoeksteen&nbsp;van de samenleving. De gemeenschap speelt hier ook een belangrijke rol in. Bah\u00e1\u2019\u00eds bieden daarom in de wijk <strong>kinderklassen<\/strong> aan voor de leeftijd van vier tot elf jaar. Zij zien de jonge generatie als de meest waardevolle schat die een gemeenschap kan bezitten. In hen ligt de belofte en garantie voor de toekomst. Echter om deze belofte te realiseren, dienen kinderen geestelijk opgevoed te worden. In een wereld waar de vreugde en onschuld van de kindertijd zo gemakkelijk kan worden overweldigd door het aanhoudende nastreven van materialistische doeleinden, is de morele en spirituele opvoeding van kinderen van vitaal belang.<\/p>\n\n\n\n<p>Aan jeugd en jongeren is een speciale rol toebedeeld. In hen \u2013 hoewel soms afgeschilderd als problematisch \u2013 zien we onbaatzuchtigheid, een scherp gevoel voor rechtvaardigheid, gretigheid om over de wereld te leren en een verlangen een bijdrage te leveren aan een betere wereld. Bah\u00e1\u2019\u00eds zetten samen met vrienden in de wijk <strong>jeugdgroepen<\/strong> op voor de jeugd van twaalf tot vijftien jaar, waarbij jongeren leren zich hiervoor in te zetten. Jongeren leven daardoor bewuster en zijn in staat positieve en negatieve krachten in de wereld te analyseren die invloed hebben op hun denken en doen. In jonge mensen vormen zich morele structuren die zij hun leven lang kunnen benutten. Door het ontwikkelen van geestelijke kwaliteiten (deugden), intellectuele vermogens en capaciteiten voor dienstbaarheid aan de samenleving gaan jeugd en jongeren zichzelf zien als voorvechters voor positieve verandering in de wereld.<\/p>\n\n\n\n<p>Overal zijn bah\u00e1\u2019\u00eds en hun vrienden bezig met een wereldwijd <strong>leerproces<\/strong> dat helpt om hun capaciteit op te bouwen om de mensheid te dienen. Het vergroten van deze persoonlijke capaciteit kan worden beschouwd als het bewandelen van een pad van dienstbaarheid.<\/p>\n\n\n\n<p>In een gemeenschap waar gesprekken over de geestelijke dimensie van het menselijk bestaan \u200b\u200bwortel schieten, ontstaan van nature bijeenkomsten voor <strong>gebed<\/strong> en meditatie. Er zijn geen rituelen, niemand heeft een speciale rol. De bijeenkomsten bestaan \u200b\u200bgrotendeels uit het lezen van gebeden en passages uit de bah\u00e1\u2019\u00ed heilige teksten in een informele en respectvolle sfeer. In deze eenvoudige bijeenkomsten ontstaat een geest van gezamenlijke aanbidding. Deze geest begint dan de gezamenlijke inspanningen van de gemeenschap te doordringen. Deze geestelijke ontmoetingen zijn open voor iedereen en worden gehouden in tal van plaatsen.<\/p>\n\n\n\n<p><em>Geschreven door: Bah<\/em>\u00e1<em>\u2019i gemeenschap van Antwerpen<\/em><\/p>\n","protected":false},"excerpt":{"rendered":"<p>Kernovertuigingen van het bah\u00e1\u2019\u00ed-geloof Bah\u00e1\u2019\u00ed\u2019s zijn volgelingen van Bah\u00e1\u2019u\u2019ll\u00e1h (1817-1892)&nbsp; \u2013 de \u201cGlorie van God\u201d \u2013 die een nieuwe Openbaring van God aan de mensheid bracht. In zijn Geschriften zette Hij een raamwerk uiteen voor de ontwikkeling van een wereldbeschaving, dat zowel de geestelijke als de materi\u00eble dimensies van het menselijk leven omvat. Bah\u00e1\u2019\u00ed\u2019s geloven &#8230; <a title=\"Bah\u00e1\u2019\u00ed\" class=\"read-more\" href=\"https:\/\/parel.orbitantwerpen.be\/index.php\/bahai\/\" aria-label=\"Meer op Bah\u00e1\u2019\u00ed\">Lees meer<\/a><\/p>\n","protected":false},"author":1,"featured_media":0,"parent":0,"menu_order":0,"comment_status":"closed","ping_status":"closed","template":"","meta":{"footnotes":""},"class_list":["post-65","page","type-page","status-publish"],"yoast_head":"<!-- This site is optimized with the Yoast SEO plugin v27.3 - https:\/\/yoast.com\/product\/yoast-seo-wordpress\/ -->\n<title>Bah\u00e1\u2019\u00ed - PAREL<\/title>\n<meta name=\"robots\" content=\"index, follow, max-snippet:-1, max-image-preview:large, max-video-preview:-1\" \/>\n<link rel=\"canonical\" href=\"https:\/\/parel.orbitantwerpen.be\/index.php\/bahai\/\" \/>\n<meta property=\"og:locale\" content=\"nl_NL\" \/>\n<meta property=\"og:type\" content=\"article\" \/>\n<meta property=\"og:title\" content=\"Bah\u00e1\u2019\u00ed - PAREL\" \/>\n<meta property=\"og:description\" content=\"Kernovertuigingen van het bah\u00e1\u2019\u00ed-geloof Bah\u00e1\u2019\u00ed\u2019s zijn volgelingen van Bah\u00e1\u2019u\u2019ll\u00e1h (1817-1892)&nbsp; \u2013 de \u201cGlorie van God\u201d \u2013 die een nieuwe Openbaring van God aan de mensheid bracht. In zijn Geschriften zette Hij een raamwerk uiteen voor de ontwikkeling van een wereldbeschaving, dat zowel de geestelijke als de materi\u00eble dimensies van het menselijk leven omvat. Bah\u00e1\u2019\u00ed\u2019s geloven ... Lees meer\" \/>\n<meta property=\"og:url\" content=\"https:\/\/parel.orbitantwerpen.be\/index.php\/bahai\/\" \/>\n<meta property=\"og:site_name\" content=\"PAREL\" \/>\n<meta property=\"article:modified_time\" content=\"2022-05-20T12:20:32+00:00\" \/>\n<meta name=\"twitter:card\" content=\"summary_large_image\" \/>\n<meta name=\"twitter:label1\" content=\"Geschatte leestijd\" \/>\n\t<meta name=\"twitter:data1\" content=\"8 minuten\" \/>\n<script type=\"application\/ld+json\" class=\"yoast-schema-graph\">{\"@context\":\"https:\\\/\\\/schema.org\",\"@graph\":[{\"@type\":\"WebPage\",\"@id\":\"https:\\\/\\\/parel.orbitantwerpen.be\\\/index.php\\\/bahai\\\/\",\"url\":\"https:\\\/\\\/parel.orbitantwerpen.be\\\/index.php\\\/bahai\\\/\",\"name\":\"Bah\u00e1\u2019\u00ed - PAREL\",\"isPartOf\":{\"@id\":\"https:\\\/\\\/parel.orbitantwerpen.be\\\/#website\"},\"datePublished\":\"2022-05-11T08:16:55+00:00\",\"dateModified\":\"2022-05-20T12:20:32+00:00\",\"breadcrumb\":{\"@id\":\"https:\\\/\\\/parel.orbitantwerpen.be\\\/index.php\\\/bahai\\\/#breadcrumb\"},\"inLanguage\":\"nl-NL\",\"potentialAction\":[{\"@type\":\"ReadAction\",\"target\":[\"https:\\\/\\\/parel.orbitantwerpen.be\\\/index.php\\\/bahai\\\/\"]}]},{\"@type\":\"BreadcrumbList\",\"@id\":\"https:\\\/\\\/parel.orbitantwerpen.be\\\/index.php\\\/bahai\\\/#breadcrumb\",\"itemListElement\":[{\"@type\":\"ListItem\",\"position\":1,\"name\":\"Home\",\"item\":\"https:\\\/\\\/parel.orbitantwerpen.be\\\/\"},{\"@type\":\"ListItem\",\"position\":2,\"name\":\"Bah\u00e1\u2019\u00ed\"}]},{\"@type\":\"WebSite\",\"@id\":\"https:\\\/\\\/parel.orbitantwerpen.be\\\/#website\",\"url\":\"https:\\\/\\\/parel.orbitantwerpen.be\\\/\",\"name\":\"PAREL\",\"description\":\"\",\"publisher\":{\"@id\":\"https:\\\/\\\/parel.orbitantwerpen.be\\\/#organization\"},\"potentialAction\":[{\"@type\":\"SearchAction\",\"target\":{\"@type\":\"EntryPoint\",\"urlTemplate\":\"https:\\\/\\\/parel.orbitantwerpen.be\\\/?s={search_term_string}\"},\"query-input\":{\"@type\":\"PropertyValueSpecification\",\"valueRequired\":true,\"valueName\":\"search_term_string\"}}],\"inLanguage\":\"nl-NL\"},{\"@type\":\"Organization\",\"@id\":\"https:\\\/\\\/parel.orbitantwerpen.be\\\/#organization\",\"name\":\"PAREL\",\"url\":\"https:\\\/\\\/parel.orbitantwerpen.be\\\/\",\"logo\":{\"@type\":\"ImageObject\",\"inLanguage\":\"nl-NL\",\"@id\":\"https:\\\/\\\/parel.orbitantwerpen.be\\\/#\\\/schema\\\/logo\\\/image\\\/\",\"url\":\"https:\\\/\\\/parel.orbitantwerpen.be\\\/wp-content\\\/uploads\\\/2022\\\/05\\\/Parel_CMYK_liggend.png\",\"contentUrl\":\"https:\\\/\\\/parel.orbitantwerpen.be\\\/wp-content\\\/uploads\\\/2022\\\/05\\\/Parel_CMYK_liggend.png\",\"width\":1772,\"height\":527,\"caption\":\"PAREL\"},\"image\":{\"@id\":\"https:\\\/\\\/parel.orbitantwerpen.be\\\/#\\\/schema\\\/logo\\\/image\\\/\"}}]}<\/script>\n<!-- \/ Yoast SEO plugin. -->","yoast_head_json":{"title":"Bah\u00e1\u2019\u00ed - PAREL","robots":{"index":"index","follow":"follow","max-snippet":"max-snippet:-1","max-image-preview":"max-image-preview:large","max-video-preview":"max-video-preview:-1"},"canonical":"https:\/\/parel.orbitantwerpen.be\/index.php\/bahai\/","og_locale":"nl_NL","og_type":"article","og_title":"Bah\u00e1\u2019\u00ed - PAREL","og_description":"Kernovertuigingen van het bah\u00e1\u2019\u00ed-geloof Bah\u00e1\u2019\u00ed\u2019s zijn volgelingen van Bah\u00e1\u2019u\u2019ll\u00e1h (1817-1892)&nbsp; \u2013 de \u201cGlorie van God\u201d \u2013 die een nieuwe Openbaring van God aan de mensheid bracht. In zijn Geschriften zette Hij een raamwerk uiteen voor de ontwikkeling van een wereldbeschaving, dat zowel de geestelijke als de materi\u00eble dimensies van het menselijk leven omvat. Bah\u00e1\u2019\u00ed\u2019s geloven ... Lees meer","og_url":"https:\/\/parel.orbitantwerpen.be\/index.php\/bahai\/","og_site_name":"PAREL","article_modified_time":"2022-05-20T12:20:32+00:00","twitter_card":"summary_large_image","twitter_misc":{"Geschatte leestijd":"8 minuten"},"schema":{"@context":"https:\/\/schema.org","@graph":[{"@type":"WebPage","@id":"https:\/\/parel.orbitantwerpen.be\/index.php\/bahai\/","url":"https:\/\/parel.orbitantwerpen.be\/index.php\/bahai\/","name":"Bah\u00e1\u2019\u00ed - PAREL","isPartOf":{"@id":"https:\/\/parel.orbitantwerpen.be\/#website"},"datePublished":"2022-05-11T08:16:55+00:00","dateModified":"2022-05-20T12:20:32+00:00","breadcrumb":{"@id":"https:\/\/parel.orbitantwerpen.be\/index.php\/bahai\/#breadcrumb"},"inLanguage":"nl-NL","potentialAction":[{"@type":"ReadAction","target":["https:\/\/parel.orbitantwerpen.be\/index.php\/bahai\/"]}]},{"@type":"BreadcrumbList","@id":"https:\/\/parel.orbitantwerpen.be\/index.php\/bahai\/#breadcrumb","itemListElement":[{"@type":"ListItem","position":1,"name":"Home","item":"https:\/\/parel.orbitantwerpen.be\/"},{"@type":"ListItem","position":2,"name":"Bah\u00e1\u2019\u00ed"}]},{"@type":"WebSite","@id":"https:\/\/parel.orbitantwerpen.be\/#website","url":"https:\/\/parel.orbitantwerpen.be\/","name":"PAREL","description":"","publisher":{"@id":"https:\/\/parel.orbitantwerpen.be\/#organization"},"potentialAction":[{"@type":"SearchAction","target":{"@type":"EntryPoint","urlTemplate":"https:\/\/parel.orbitantwerpen.be\/?s={search_term_string}"},"query-input":{"@type":"PropertyValueSpecification","valueRequired":true,"valueName":"search_term_string"}}],"inLanguage":"nl-NL"},{"@type":"Organization","@id":"https:\/\/parel.orbitantwerpen.be\/#organization","name":"PAREL","url":"https:\/\/parel.orbitantwerpen.be\/","logo":{"@type":"ImageObject","inLanguage":"nl-NL","@id":"https:\/\/parel.orbitantwerpen.be\/#\/schema\/logo\/image\/","url":"https:\/\/parel.orbitantwerpen.be\/wp-content\/uploads\/2022\/05\/Parel_CMYK_liggend.png","contentUrl":"https:\/\/parel.orbitantwerpen.be\/wp-content\/uploads\/2022\/05\/Parel_CMYK_liggend.png","width":1772,"height":527,"caption":"PAREL"},"image":{"@id":"https:\/\/parel.orbitantwerpen.be\/#\/schema\/logo\/image\/"}}]}},"_links":{"self":[{"href":"https:\/\/parel.orbitantwerpen.be\/index.php\/wp-json\/wp\/v2\/pages\/65","targetHints":{"allow":["GET"]}}],"collection":[{"href":"https:\/\/parel.orbitantwerpen.be\/index.php\/wp-json\/wp\/v2\/pages"}],"about":[{"href":"https:\/\/parel.orbitantwerpen.be\/index.php\/wp-json\/wp\/v2\/types\/page"}],"author":[{"embeddable":true,"href":"https:\/\/parel.orbitantwerpen.be\/index.php\/wp-json\/wp\/v2\/users\/1"}],"replies":[{"embeddable":true,"href":"https:\/\/parel.orbitantwerpen.be\/index.php\/wp-json\/wp\/v2\/comments?post=65"}],"version-history":[{"count":2,"href":"https:\/\/parel.orbitantwerpen.be\/index.php\/wp-json\/wp\/v2\/pages\/65\/revisions"}],"predecessor-version":[{"id":163,"href":"https:\/\/parel.orbitantwerpen.be\/index.php\/wp-json\/wp\/v2\/pages\/65\/revisions\/163"}],"wp:attachment":[{"href":"https:\/\/parel.orbitantwerpen.be\/index.php\/wp-json\/wp\/v2\/media?parent=65"}],"curies":[{"name":"wp","href":"https:\/\/api.w.org\/{rel}","templated":true}]}}